{"id":751,"date":"2019-04-21T11:47:56","date_gmt":"2019-04-21T11:47:56","guid":{"rendered":"https:\/\/www.arengrup.com.tr\/makina\/?page_id=751"},"modified":"2022-08-27T11:34:34","modified_gmt":"2022-08-27T08:34:34","slug":"kurumsal","status":"publish","type":"page","link":"https:\/\/www.arengrup.com.tr\/makine\/kurumsal\/","title":{"rendered":"Kurumsal"},"content":{"rendered":"\t\t<div data-elementor-type=\"wp-post\" data-elementor-id=\"751\" class=\"elementor elementor-751\">\n\t\t\t\t\t\t<div class=\"elementor-inner\">\n\t\t\t\t<div class=\"elementor-section-wrap\">\n\t\t\t\t\t\t\t\t\t<section class=\"elementor-section elementor-top-section elementor-element elementor-element-0bd3271 elementor-section-boxed elementor-section-height-default elementor-section-height-default\" data-id=\"0bd3271\" data-element_type=\"section\" data-settings=\"{&quot;background_background&quot;:&quot;classic&quot;}\">\n\t\t\t\t\t\t<div class=\"elementor-container elementor-column-gap-default\">\n\t\t\t\t\t\t\t<div class=\"elementor-row\">\n\t\t\t\t\t<div class=\"elementor-column elementor-col-50 elementor-top-column elementor-element elementor-element-9fbd959\" data-id=\"9fbd959\" data-element_type=\"column\">\n\t\t\t<div class=\"elementor-column-wrap elementor-element-populated\">\n\t\t\t\t\t\t\t<div class=\"elementor-widget-wrap\">\n\t\t\t\t\t\t<div class=\"elementor-element elementor-element-7307d9c elementor-widget elementor-widget-induxo-title\" data-id=\"7307d9c\" data-element_type=\"widget\" data-widget_type=\"induxo-title.default\">\n\t\t\t\t<div class=\"elementor-widget-container\">\n\t\t\t         <div class=\"section-heading-content\">\n                  <small class=\"title-bg-small\">aren grup makine<\/small>\n                    <h2 class=\"section-title title-left\">\n                 <span>Hakk\u0131m\u0131zda<\/span>            <\/h2>\n         <\/div><!-- Section title -->\t\t\n         \n\n     \n    \t\t<\/div>\n\t\t\t\t<\/div>\n\t\t\t\t\t\t<\/div>\n\t\t\t\t\t<\/div>\n\t\t<\/div>\n\t\t\t\t<div class=\"elementor-column elementor-col-50 elementor-top-column elementor-element elementor-element-f1ab23b\" data-id=\"f1ab23b\" data-element_type=\"column\">\n\t\t\t<div class=\"elementor-column-wrap elementor-element-populated\">\n\t\t\t\t\t\t\t<div class=\"elementor-widget-wrap\">\n\t\t\t\t\t\t<div class=\"elementor-element elementor-element-ab0ca2e elementor-widget elementor-widget-image\" data-id=\"ab0ca2e\" data-element_type=\"widget\" data-widget_type=\"image.default\">\n\t\t\t\t<div class=\"elementor-widget-container\">\n\t\t\t\t\t\t\t\t<div class=\"elementor-image\">\n\t\t\t\t\t\t\t\t\t\t\t\t<img width=\"544\" height=\"224\" src=\"https:\/\/www.arengrup.com.tr\/makine\/wp-content\/uploads\/sites\/2\/2022\/06\/makine.png\" class=\"attachment-post-thumbnail size-post-thumbnail\" alt=\"\" loading=\"lazy\" srcset=\"https:\/\/www.arengrup.com.tr\/makine\/wp-content\/uploads\/sites\/2\/2022\/06\/makine.png 544w, https:\/\/www.arengrup.com.tr\/makine\/wp-content\/uploads\/sites\/2\/2022\/06\/makine-300x124.png 300w\" sizes=\"(max-width: 544px) 100vw, 544px\" \/>\t\t\t\t\t\t\t\t\t\t\t\t\t\t<\/div>\n\t\t\t\t\t\t<\/div>\n\t\t\t\t<\/div>\n\t\t\t\t\t\t<\/div>\n\t\t\t\t\t<\/div>\n\t\t<\/div>\n\t\t\t\t\t\t\t\t<\/div>\n\t\t\t\t\t<\/div>\n\t\t<\/section>\n\t\t\t\t<section class=\"elementor-section elementor-top-section elementor-element elementor-element-e359565 elementor-section-boxed elementor-section-height-default elementor-section-height-default\" data-id=\"e359565\" data-element_type=\"section\" data-settings=\"{&quot;background_background&quot;:&quot;classic&quot;}\">\n\t\t\t\t\t\t<div class=\"elementor-container elementor-column-gap-default\">\n\t\t\t\t\t\t\t<div class=\"elementor-row\">\n\t\t\t\t\t<div class=\"elementor-column elementor-col-100 elementor-top-column elementor-element elementor-element-d4eb435\" data-id=\"d4eb435\" data-element_type=\"column\">\n\t\t\t<div class=\"elementor-column-wrap elementor-element-populated\">\n\t\t\t\t\t\t\t<div class=\"elementor-widget-wrap\">\n\t\t\t\t\t\t<div class=\"elementor-element elementor-element-8d69c27 elementor-widget elementor-widget-induxo-title\" data-id=\"8d69c27\" data-element_type=\"widget\" data-widget_type=\"induxo-title.default\">\n\t\t\t\t<div class=\"elementor-widget-container\">\n\t\t\t         <div class=\"section-heading-content\">\n                     <h2 class=\"section-title title-left\">\n                  <span>Aren Grup<\/span>            <\/h2>\n         <\/div><!-- Section title -->\t\t\n         \n\n     \n    \t\t<\/div>\n\t\t\t\t<\/div>\n\t\t\t\t<div class=\"elementor-element elementor-element-bb63237 elementor-widget elementor-widget-text-editor\" data-id=\"bb63237\" data-element_type=\"widget\" data-widget_type=\"text-editor.default\">\n\t\t\t\t<div class=\"elementor-widget-container\">\n\t\t\t\t\t\t\t\t<div class=\"elementor-text-editor elementor-clearfix\">\n\t\t\t\t<p>Firmam\u0131z, m\u00fchendislik, proje, imalat ve montaj hizmeti vermek \u00fczere 2004 y\u0131l\u0131nda kurulmu\u015ftur. \u0130stenilen hizmeti, hatas\u0131z, kaliteli ve do\u011fru zamanda yerine getirebilmek i\u00e7in ihtiya\u00e7 duydu\u011fu alt yap\u0131y\u0131, teknoloj\u0131nin b\u00fct\u00fcn imkanlar\u0131n\u0131 kullanarak olu\u015fturmu\u015ftur.<\/p><p>Sa\u011fl\u0131kl\u0131, disiplinli ve verimli bir \u00e7al\u0131\u015fma ortam\u0131n\u0131 sa\u011flayarak, \u00fcretimine kalite, \u00e7al\u0131\u015fanlar\u0131na g\u00fcvenilir bir i\u015f ortam\u0131 sunmak i\u00e7in \u00e7al\u0131\u015fmaktad\u0131r.<\/p><p>Fabrikam\u0131z, 13.000 m2\u00a0si kapal\u0131, 3.000 m2 si a\u00e7\u0131k olmak \u00fczere toplam 13.000 m2 alana kurulmu\u015ftur. \u015eehir merkezine 30 km, E5 karayoluna 1 km, ve TEM e 3 km mesafededir.<\/p><p>M\u00fchendislik departman\u0131m\u0131z, her t\u00fcrl\u00fc \u00e7elik, makina ve mekanik sistemlerin dinamik ve statik analizlerim yapabilmektedir.<\/p><p>iki ana kolda hizmet vermekteyiz. Makine Mekanik ve \u00e7elik konstr\u00fcksiyon olarak. Gerekli g\u00f6rd\u00fc\u011f\u00fcn\u00fcz alanlarda yap\u0131lacak olan projelendirmeden taraf\u0131m\u0131zdan her hangi bir \u00fccret talep edilmez. \u00c7al\u0131\u015fmalar\u0131m\u0131z, yap\u0131sal \u00e7elikler, Entegre tesisler, Fabrika binalar\u0131, Maden i\u015fletmeleri, Seramik fabrikalar\u0131, \u00e7imento fabrikalar\u0131, geri d\u00f6n\u00fc\u015f\u00fcm tesisleri ve buna benzer sanayii kurulu\u015flar\u0131nda devam etmektedir. Bu tesislerde, Konvey\u00f6r, Bunker, \u00a0Elavat\u00f6r, Filtre Tozsuzla\u015ft\u0131rma ve Silo gibi makinalar\u0131n, fabrikam\u0131zda anahtar teslim yap\u0131m\u0131na devam etmekteyiz. Fabrikam\u0131zda Konvey\u00f6r Rulo\u2019su imalat\u0131n\u0131\u2019da kendi markam\u0131z olan CEMA ROLLER ad\u0131 alt\u0131nda yapmaktay\u0131z.<\/p>\t\t\t\t\t<\/div>\n\t\t\t\t\t\t<\/div>\n\t\t\t\t<\/div>\n\t\t\t\t<div class=\"elementor-element elementor-element-ff6d001 elementor-widget elementor-widget-induxo-title\" data-id=\"ff6d001\" data-element_type=\"widget\" data-widget_type=\"induxo-title.default\">\n\t\t\t\t<div class=\"elementor-widget-container\">\n\t\t\t         <div class=\"section-heading-content\">\n                     <h2 class=\"section-title title-left\">\n                  <span>Vizyonumuz<\/span>            <\/h2>\n         <\/div><!-- Section title -->\t\t\n         \n\n     \n    \t\t<\/div>\n\t\t\t\t<\/div>\n\t\t\t\t<div class=\"elementor-element elementor-element-4e2ad63 elementor-widget elementor-widget-text-editor\" data-id=\"4e2ad63\" data-element_type=\"widget\" data-widget_type=\"text-editor.default\">\n\t\t\t\t<div class=\"elementor-widget-container\">\n\t\t\t\t\t\t\t\t<div class=\"elementor-text-editor elementor-clearfix\">\n\t\t\t\t<p>AREN GRUP m\u00fc\u015fterilerinin ihtiya\u00e7 ve talepleri do\u011frultusunda t\u00fcm m\u00fchendislik disiplinlerinin uyum i\u00e7inde hatas\u0131z bir \u015fekilde haz\u0131rlanmas\u0131n\u0131 sa\u011flayarak proje, tasar\u0131m ve m\u00fchendislik alanlar\u0131nda en uygun ve kaliteli hizmeti sunmay\u0131 ama\u00e7 edinmi\u015ftir.<\/p>\t\t\t\t\t<\/div>\n\t\t\t\t\t\t<\/div>\n\t\t\t\t<\/div>\n\t\t\t\t<div class=\"elementor-element elementor-element-895d3dd elementor-widget elementor-widget-induxo-title\" data-id=\"895d3dd\" data-element_type=\"widget\" data-widget_type=\"induxo-title.default\">\n\t\t\t\t<div class=\"elementor-widget-container\">\n\t\t\t         <div class=\"section-heading-content\">\n                     <h2 class=\"section-title title-left\">\n                  <span>Misyonumuz<\/span>            <\/h2>\n         <\/div><!-- Section title -->\t\t\n         \n\n     \n    \t\t<\/div>\n\t\t\t\t<\/div>\n\t\t\t\t<div class=\"elementor-element elementor-element-8d790aa elementor-widget elementor-widget-text-editor\" data-id=\"8d790aa\" data-element_type=\"widget\" data-widget_type=\"text-editor.default\">\n\t\t\t\t<div class=\"elementor-widget-container\">\n\t\t\t\t\t\t\t\t<div class=\"elementor-text-editor elementor-clearfix\">\n\t\t\t\t<p>Yurti\u00e7i ve yurtd\u0131\u015f\u0131nda sekt\u00f6r\u00fcnde marka yaratarak \u00f6ncelikle tercih edilen bir firma olmakt\u0131r.<\/p>\t\t\t\t\t<\/div>\n\t\t\t\t\t\t<\/div>\n\t\t\t\t<\/div>\n\t\t\t\t<div class=\"elementor-element elementor-element-12bee8e elementor-widget elementor-widget-image\" data-id=\"12bee8e\" data-element_type=\"widget\" data-widget_type=\"image.default\">\n\t\t\t\t<div class=\"elementor-widget-container\">\n\t\t\t\t\t\t\t\t<div class=\"elementor-image\">\n\t\t\t\t\t\t\t\t\t\t\t\t<img width=\"300\" height=\"124\" src=\"https:\/\/www.arengrup.com.tr\/makine\/wp-content\/uploads\/sites\/2\/2022\/08\/arenlogo-300x124.png\" class=\"attachment-medium size-medium\" alt=\"\" loading=\"lazy\" srcset=\"https:\/\/www.arengrup.com.tr\/makine\/wp-content\/uploads\/sites\/2\/2022\/08\/arenlogo-300x124.png 300w, https:\/\/www.arengrup.com.tr\/makine\/wp-content\/uploads\/sites\/2\/2022\/08\/arenlogo.png 544w\" sizes=\"(max-width: 300px) 100vw, 300px\" \/>\t\t\t\t\t\t\t\t\t\t\t\t\t\t<\/div>\n\t\t\t\t\t\t<\/div>\n\t\t\t\t<\/div>\n\t\t\t\t\t\t<\/div>\n\t\t\t\t\t<\/div>\n\t\t<\/div>\n\t\t\t\t\t\t\t\t<\/div>\n\t\t\t\t\t<\/div>\n\t\t<\/section>\n\t\t\t\t<section class=\"elementor-section elementor-top-section elementor-element elementor-element-b8bb138 elementor-section-boxed elementor-section-height-default elementor-section-height-default\" data-id=\"b8bb138\" data-element_type=\"section\" data-settings=\"{&quot;background_background&quot;:&quot;classic&quot;}\">\n\t\t\t\t\t\t<div class=\"elementor-container elementor-column-gap-default\">\n\t\t\t\t\t\t\t<div class=\"elementor-row\">\n\t\t\t\t\t<div class=\"elementor-column elementor-col-50 elementor-top-column elementor-element elementor-element-33d35db\" data-id=\"33d35db\" data-element_type=\"column\">\n\t\t\t<div class=\"elementor-column-wrap elementor-element-populated\">\n\t\t\t\t\t\t\t<div class=\"elementor-widget-wrap\">\n\t\t\t\t\t\t<div class=\"elementor-element elementor-element-00e7c31 elementor-widget elementor-widget-induxo-title\" data-id=\"00e7c31\" data-element_type=\"widget\" data-widget_type=\"induxo-title.default\">\n\t\t\t\t<div class=\"elementor-widget-container\">\n\t\t\t         <div class=\"section-heading-content\">\n                  <small class=\"title-bg-small\"><\/small>\n                    <h2 class=\"section-title title-left\">\n                 <span>Proje <\/span> ve \u00c7\u00f6z\u00fcmlerimiz i\u00e7in <span>Bizimle \u0130leti\u015fime Ge\u00e7in<\/span>            <\/h2>\n         <\/div><!-- Section title -->\t\t\n         \n\n     \n    \t\t<\/div>\n\t\t\t\t<\/div>\n\t\t\t\t\t\t<\/div>\n\t\t\t\t\t<\/div>\n\t\t<\/div>\n\t\t\t\t<div class=\"elementor-column elementor-col-50 elementor-top-column elementor-element elementor-element-b90c3d1\" data-id=\"b90c3d1\" data-element_type=\"column\">\n\t\t\t<div class=\"elementor-column-wrap elementor-element-populated\">\n\t\t\t\t\t\t\t<div class=\"elementor-widget-wrap\">\n\t\t\t\t\t\t<div class=\"elementor-element elementor-element-448721f elementor-align-right elementor-mobile-align-center elementor-widget elementor-widget-button\" data-id=\"448721f\" data-element_type=\"widget\" data-widget_type=\"button.default\">\n\t\t\t\t<div class=\"elementor-widget-container\">\n\t\t\t\t\t<div class=\"elementor-button-wrapper\">\n\t\t\t<a href=\"http:\/\/www.arengrup.com.tr\/makine\/iletisim\/\" class=\"elementor-button-link elementor-button elementor-size-md\" role=\"button\">\n\t\t\t\t\t\t<span class=\"elementor-button-content-wrapper\">\n\t\t\t\t\t\t<span class=\"elementor-button-text\">\u0130leti\u015fim<\/span>\n\t\t<\/span>\n\t\t\t\t\t<\/a>\n\t\t<\/div>\n\t\t\t\t<\/div>\n\t\t\t\t<\/div>\n\t\t\t\t\t\t<\/div>\n\t\t\t\t\t<\/div>\n\t\t<\/div>\n\t\t\t\t\t\t\t\t<\/div>\n\t\t\t\t\t<\/div>\n\t\t<\/section>\n\t\t\t\t<section class=\"elementor-section elementor-top-section elementor-element elementor-element-1296e4f elementor-section-boxed elementor-section-height-default elementor-section-height-default\" data-id=\"1296e4f\" data-element_type=\"section\" data-settings=\"{&quot;background_background&quot;:&quot;classic&quot;}\">\n\t\t\t\t\t\t<div class=\"elementor-container elementor-column-gap-default\">\n\t\t\t\t\t\t\t<div class=\"elementor-row\">\n\t\t\t\t\t<div class=\"elementor-column elementor-col-100 elementor-top-column elementor-element elementor-element-214dd02\" data-id=\"214dd02\" data-element_type=\"column\">\n\t\t\t<div class=\"elementor-column-wrap\">\n\t\t\t\t\t\t\t<div class=\"elementor-widget-wrap\">\n\t\t\t\t\t\t\t\t<\/div>\n\t\t\t\t\t<\/div>\n\t\t<\/div>\n\t\t\t\t\t\t\t\t<\/div>\n\t\t\t\t\t<\/div>\n\t\t<\/section>\n\t\t\t\t<section class=\"elementor-section elementor-top-section elementor-element elementor-element-e6987b4 elementor-section-full_width elementor-section-height-default elementor-section-height-default\" data-id=\"e6987b4\" data-element_type=\"section\" data-settings=\"{&quot;background_background&quot;:&quot;classic&quot;}\">\n\t\t\t\t\t\t<div class=\"elementor-container elementor-column-gap-no\">\n\t\t\t\t\t\t\t<div class=\"elementor-row\">\n\t\t\t\t\t<div class=\"elementor-column elementor-col-50 elementor-top-column elementor-element elementor-element-4d0460e\" data-id=\"4d0460e\" data-element_type=\"column\" data-settings=\"{&quot;background_background&quot;:&quot;classic&quot;}\">\n\t\t\t<div class=\"elementor-column-wrap elementor-element-populated\">\n\t\t\t\t\t\t\t<div class=\"elementor-widget-wrap\">\n\t\t\t\t\t\t<div class=\"elementor-element elementor-element-bb4ebc2 elementor-widget elementor-widget-induxo-video-popup\" data-id=\"bb4ebc2\" data-element_type=\"widget\" data-widget_type=\"induxo-video-popup.default\">\n\t\t\t\t<div class=\"elementor-widget-container\">\n\t\t\t        <div class=\"video-icon\">\n            <a href=\"https:\/\/www.youtube.com\/watch?v=5uxsFglz2ig\" class=\"ts-play-btn \">\n                <i class=\"icon icon-play\"><\/i>\n                <span class=\"btn-hover-anim\"><\/span>\n            <\/a>\n        <\/div>\n\n    \t\t<\/div>\n\t\t\t\t<\/div>\n\t\t\t\t\t\t<\/div>\n\t\t\t\t\t<\/div>\n\t\t<\/div>\n\t\t\t\t<div class=\"elementor-column elementor-col-50 elementor-top-column elementor-element elementor-element-45bce56 custom-width-500\" data-id=\"45bce56\" data-element_type=\"column\" data-settings=\"{&quot;background_background&quot;:&quot;classic&quot;}\">\n\t\t\t<div class=\"elementor-column-wrap elementor-element-populated\">\n\t\t\t\t\t\t\t<div class=\"elementor-widget-wrap\">\n\t\t\t\t\t\t<div class=\"elementor-element elementor-element-027881f elementor-widget elementor-widget-induxo-title\" data-id=\"027881f\" data-element_type=\"widget\" data-widget_type=\"induxo-title.default\">\n\t\t\t\t<div class=\"elementor-widget-container\">\n\t\t\t         <div class=\"section-heading-content\">\n                     <h2 class=\"section-title title-left\">\n                 End\u00fcsriyel <span>Makine <\/span>sekt\u00f6r\u00fcnde <br>  <span>g\u00fcven veren marka<\/span>            <\/h2>\n         <\/div><!-- Section title -->\t\t\n         \n\n     \n    \t\t<\/div>\n\t\t\t\t<\/div>\n\t\t\t\t<div class=\"elementor-element elementor-element-d23c2d2 elementor-widget elementor-widget-text-editor\" data-id=\"d23c2d2\" data-element_type=\"widget\" data-widget_type=\"text-editor.default\">\n\t\t\t\t<div class=\"elementor-widget-container\">\n\t\t\t\t\t\t\t\t<div class=\"elementor-text-editor elementor-clearfix\">\n\t\t\t\t<p>Kuruldu\u011fu andan itibaren \u00a0makine sanayi sekt\u00f6r\u00fcnde, alan\u0131nda tecr\u00fcbeli ekiplerimizle, sanayicilerimizin end\u00fcstriyel makina al\u0131m ve sat\u0131m ihtiya\u00e7lar\u0131 ve \u00fcretim i\u015fbirli\u011fi talepleri do\u011frultusunda\u00a0 m\u00fc\u015fterilerimize \u00e7\u00f6z\u00fcm \u00fcretiyoruz.<\/p>\t\t\t\t\t<\/div>\n\t\t\t\t\t\t<\/div>\n\t\t\t\t<\/div>\n\t\t\t\t<section class=\"elementor-section elementor-inner-section elementor-element elementor-element-21abbde elementor-section-boxed elementor-section-height-default elementor-section-height-default\" data-id=\"21abbde\" data-element_type=\"section\">\n\t\t\t\t\t\t<div class=\"elementor-container elementor-column-gap-default\">\n\t\t\t\t\t\t\t<div class=\"elementor-row\">\n\t\t\t\t\t<div class=\"elementor-column elementor-col-50 elementor-inner-column elementor-element elementor-element-664acf2\" data-id=\"664acf2\" data-element_type=\"column\">\n\t\t\t<div class=\"elementor-column-wrap elementor-element-populated\">\n\t\t\t\t\t\t\t<div class=\"elementor-widget-wrap\">\n\t\t\t\t\t\t<div class=\"elementor-element elementor-element-8dc81f9 elementor-position-left elementor-view-default elementor-mobile-position-top elementor-vertical-align-top elementor-widget elementor-widget-icon-box\" data-id=\"8dc81f9\" data-element_type=\"widget\" data-widget_type=\"icon-box.default\">\n\t\t\t\t<div class=\"elementor-widget-container\">\n\t\t\t\t\t<div class=\"elementor-icon-box-wrapper\">\n\t\t\t\t\t\t<div class=\"elementor-icon-box-icon\">\n\t\t\t\t<span class=\"elementor-icon elementor-animation-\" >\n\t\t\t\t<i aria-hidden=\"true\" class=\"far fa-check-circle\"><\/i>\t\t\t\t<\/span>\n\t\t\t<\/div>\n\t\t\t\t\t\t<div class=\"elementor-icon-box-content\">\n\t\t\t\t<h3 class=\"elementor-icon-box-title\">\n\t\t\t\t\t<span  >\n\t\t\t\t\t\tKalite\t\t\t\t\t<\/span>\n\t\t\t\t<\/h3>\n\t\t\t\t\t\t\t<\/div>\n\t\t<\/div>\n\t\t\t\t<\/div>\n\t\t\t\t<\/div>\n\t\t\t\t<div class=\"elementor-element elementor-element-4faf994 elementor-position-left elementor-view-default elementor-mobile-position-top elementor-vertical-align-top elementor-widget elementor-widget-icon-box\" data-id=\"4faf994\" data-element_type=\"widget\" data-widget_type=\"icon-box.default\">\n\t\t\t\t<div class=\"elementor-widget-container\">\n\t\t\t\t\t<div class=\"elementor-icon-box-wrapper\">\n\t\t\t\t\t\t<div class=\"elementor-icon-box-icon\">\n\t\t\t\t<span class=\"elementor-icon elementor-animation-\" >\n\t\t\t\t<i aria-hidden=\"true\" class=\"far fa-smile-beam\"><\/i>\t\t\t\t<\/span>\n\t\t\t<\/div>\n\t\t\t\t\t\t<div class=\"elementor-icon-box-content\">\n\t\t\t\t<h3 class=\"elementor-icon-box-title\">\n\t\t\t\t\t<span  >\n\t\t\t\t\t\tMemnuniyet\t\t\t\t\t<\/span>\n\t\t\t\t<\/h3>\n\t\t\t\t\t\t\t<\/div>\n\t\t<\/div>\n\t\t\t\t<\/div>\n\t\t\t\t<\/div>\n\t\t\t\t\t\t<\/div>\n\t\t\t\t\t<\/div>\n\t\t<\/div>\n\t\t\t\t<div class=\"elementor-column elementor-col-50 elementor-inner-column elementor-element elementor-element-7aba997\" data-id=\"7aba997\" data-element_type=\"column\">\n\t\t\t<div class=\"elementor-column-wrap elementor-element-populated\">\n\t\t\t\t\t\t\t<div class=\"elementor-widget-wrap\">\n\t\t\t\t\t\t<div class=\"elementor-element elementor-element-009da06 elementor-position-left elementor-view-default elementor-mobile-position-top elementor-vertical-align-top elementor-widget elementor-widget-icon-box\" data-id=\"009da06\" data-element_type=\"widget\" data-widget_type=\"icon-box.default\">\n\t\t\t\t<div class=\"elementor-widget-container\">\n\t\t\t\t\t<div class=\"elementor-icon-box-wrapper\">\n\t\t\t\t\t\t<div class=\"elementor-icon-box-icon\">\n\t\t\t\t<span class=\"elementor-icon elementor-animation-\" >\n\t\t\t\t<i aria-hidden=\"true\" class=\"far fa-handshake\"><\/i>\t\t\t\t<\/span>\n\t\t\t<\/div>\n\t\t\t\t\t\t<div class=\"elementor-icon-box-content\">\n\t\t\t\t<h3 class=\"elementor-icon-box-title\">\n\t\t\t\t\t<span  >\n\t\t\t\t\t\tG\u00fcven\t\t\t\t\t<\/span>\n\t\t\t\t<\/h3>\n\t\t\t\t\t\t\t<\/div>\n\t\t<\/div>\n\t\t\t\t<\/div>\n\t\t\t\t<\/div>\n\t\t\t\t<div class=\"elementor-element elementor-element-7c71f60 elementor-position-left elementor-view-default elementor-mobile-position-top elementor-vertical-align-top elementor-widget elementor-widget-icon-box\" data-id=\"7c71f60\" data-element_type=\"widget\" data-widget_type=\"icon-box.default\">\n\t\t\t\t<div class=\"elementor-widget-container\">\n\t\t\t\t\t<div class=\"elementor-icon-box-wrapper\">\n\t\t\t\t\t\t<div class=\"elementor-icon-box-icon\">\n\t\t\t\t<span class=\"elementor-icon elementor-animation-\" >\n\t\t\t\t<i aria-hidden=\"true\" class=\"fasicon icon-about_us_icon4\"><\/i>\t\t\t\t<\/span>\n\t\t\t<\/div>\n\t\t\t\t\t\t<div class=\"elementor-icon-box-content\">\n\t\t\t\t<h3 class=\"elementor-icon-box-title\">\n\t\t\t\t\t<span  >\n\t\t\t\t\t\t\u00c7\u00f6z\u00fcm Odakl\u0131\t\t\t\t\t<\/span>\n\t\t\t\t<\/h3>\n\t\t\t\t\t\t\t<\/div>\n\t\t<\/div>\n\t\t\t\t<\/div>\n\t\t\t\t<\/div>\n\t\t\t\t\t\t<\/div>\n\t\t\t\t\t<\/div>\n\t\t<\/div>\n\t\t\t\t\t\t\t\t<\/div>\n\t\t\t\t\t<\/div>\n\t\t<\/section>\n\t\t\t\t\t\t<\/div>\n\t\t\t\t\t<\/div>\n\t\t<\/div>\n\t\t\t\t\t\t\t\t<\/div>\n\t\t\t\t\t<\/div>\n\t\t<\/section>\n\t\t\t\t<section class=\"elementor-section elementor-top-section elementor-element elementor-element-f05e356 elementor-hidden-phone elementor-section-boxed elementor-section-height-default elementor-section-height-default\" data-id=\"f05e356\" data-element_type=\"section\">\n\t\t\t\t\t\t<div class=\"elementor-container elementor-column-gap-default\">\n\t\t\t\t\t\t\t<div class=\"elementor-row\">\n\t\t\t\t\t<div class=\"elementor-column elementor-col-100 elementor-top-column elementor-element elementor-element-a5185bb\" data-id=\"a5185bb\" data-element_type=\"column\">\n\t\t\t<div class=\"elementor-column-wrap\">\n\t\t\t\t\t\t\t<div class=\"elementor-widget-wrap\">\n\t\t\t\t\t\t\t\t<\/div>\n\t\t\t\t\t<\/div>\n\t\t<\/div>\n\t\t\t\t\t\t\t\t<\/div>\n\t\t\t\t\t<\/div>\n\t\t<\/section>\n\t\t\t\t\t\t\t\t\t<\/div>\n\t\t\t<\/div>\n\t\t\t\t\t<\/div>\n\t\t","protected":false},"excerpt":{"rendered":"<p>aren grup makine Hakk\u0131m\u0131zda Aren Grup Firmam\u0131z, m\u00fchendislik, proje, imalat ve montaj hizmeti vermek \u00fczere 2004 y\u0131l\u0131nda kurulmu\u015ftur. \u0130stenilen hizmeti, hatas\u0131z, kaliteli ve do\u011fru zamanda yerine getirebilmek i\u00e7in ihtiya\u00e7 duydu\u011fu alt yap\u0131y\u0131, teknoloj\u0131nin b\u00fct\u00fcn imkanlar\u0131n\u0131 kullanarak olu\u015fturmu\u015ftur. Sa\u011fl\u0131kl\u0131, disiplinli ve verimli bir \u00e7al\u0131\u015fma ortam\u0131n\u0131 sa\u011flayarak, \u00fcretimine kalite, \u00e7al\u0131\u015fanlar\u0131na g\u00fcvenilir bir i\u015f ortam\u0131 sunmak i\u00e7in \u00e7al\u0131\u015fmaktad\u0131r. [&hellip;]<\/p>\n","protected":false},"author":1,"featured_media":0,"parent":0,"menu_order":0,"comment_status":"closed","ping_status":"closed","template":"template\/full-width-template.php","meta":[],"_links":{"self":[{"href":"https:\/\/www.arengrup.com.tr\/makine\/wp-json\/wp\/v2\/pages\/751"}],"collection":[{"href":"https:\/\/www.arengrup.com.tr\/makine\/wp-json\/wp\/v2\/pages"}],"about":[{"href":"https:\/\/www.arengrup.com.tr\/makine\/wp-json\/wp\/v2\/types\/page"}],"author":[{"embeddable":true,"href":"https:\/\/www.arengrup.com.tr\/makine\/wp-json\/wp\/v2\/users\/1"}],"replies":[{"embeddable":true,"href":"https:\/\/www.arengrup.com.tr\/makine\/wp-json\/wp\/v2\/comments?post=751"}],"version-history":[{"count":33,"href":"https:\/\/www.arengrup.com.tr\/makine\/wp-json\/wp\/v2\/pages\/751\/revisions"}],"predecessor-version":[{"id":2944,"href":"https:\/\/www.arengrup.com.tr\/makine\/wp-json\/wp\/v2\/pages\/751\/revisions\/2944"}],"wp:attachment":[{"href":"https:\/\/www.arengrup.com.tr\/makine\/wp-json\/wp\/v2\/media?parent=751"}],"curies":[{"name":"wp","href":"https:\/\/api.w.org\/{rel}","templated":true}]}}