{"id":2182,"date":"2022-06-30T20:19:37","date_gmt":"2022-06-30T17:19:37","guid":{"rendered":"https:\/\/www.arengrup.com.tr\/makine\/projelerimiz-copy\/"},"modified":"2022-08-22T17:19:53","modified_gmt":"2022-08-22T14:19:53","slug":"asfalt-plant-ekipmanlari","status":"publish","type":"page","link":"https:\/\/www.arengrup.com.tr\/makine\/asfalt-plant-ekipmanlari\/","title":{"rendered":"Asfalt Plant Ekipmanlar\u0131"},"content":{"rendered":"\t\t<div data-elementor-type=\"wp-post\" data-elementor-id=\"2182\" class=\"elementor elementor-2182\">\n\t\t\t\t\t\t<div class=\"elementor-inner\">\n\t\t\t\t<div class=\"elementor-section-wrap\">\n\t\t\t\t\t\t\t\t\t<section class=\"elementor-section elementor-top-section elementor-element elementor-element-5545c1f elementor-section-boxed elementor-section-height-default elementor-section-height-default\" data-id=\"5545c1f\" data-element_type=\"section\">\n\t\t\t\t\t\t<div class=\"elementor-container elementor-column-gap-default\">\n\t\t\t\t\t\t\t<div class=\"elementor-row\">\n\t\t\t\t\t<div class=\"elementor-column elementor-col-100 elementor-top-column elementor-element elementor-element-2fb87c5\" data-id=\"2fb87c5\" data-element_type=\"column\">\n\t\t\t<div class=\"elementor-column-wrap elementor-element-populated\">\n\t\t\t\t\t\t\t<div class=\"elementor-widget-wrap\">\n\t\t\t\t\t\t<div class=\"elementor-element elementor-element-ccc73a3 elementor-widget elementor-widget-induxo-title\" data-id=\"ccc73a3\" data-element_type=\"widget\" data-widget_type=\"induxo-title.default\">\n\t\t\t\t<div class=\"elementor-widget-container\">\n\t\t\t         <div class=\"section-heading-content\">\n                  <small class=\"title-bg-small\">aren grup makine<\/small>\n                    <h2 class=\"section-title title-center\">\n                 Asfalt Plant  <span>Ekipmanlar\u0131<\/span>            <\/h2>\n         <\/div><!-- Section title -->\t\t\n         \n\n     \n    \t\t<\/div>\n\t\t\t\t<\/div>\n\t\t\t\t<div class=\"elementor-element elementor-element-0a09590 elementor-widget elementor-widget-induxo-project\" data-id=\"0a09590\" data-element_type=\"widget\" data-widget_type=\"induxo-project.default\">\n\t\t\t\t<div class=\"elementor-widget-container\">\n\t\t\t                <div class=\"row\">\n           \n            <div class=\"col-md-4\">\n               <div class=\"recent-project-wrapper\">\n                  <div class=\"recent-project-img\">\n                     <img src=\"https:\/\/www.arengrup.com.tr\/makine\/wp-content\/uploads\/sites\/2\/2022\/06\/Rusya-Amman-350x250.jpg\" alt=\" Rusya Amman Asfalt Plent Koney\u00f6r\">\n                  <\/div>\n                  <!-- end recent-project-img -->\n                                       <div class=\"recent-project-info\">\n                                                                     <p class=\"project-title project-category\">Asfalt Plant Ekipmanlar\u0131 <\/p>\n                                                                        <h3 class=\"ts-title\"><a href=\"https:\/\/www.arengrup.com.tr\/makine\/project\/rusya-amman-asfalt-plent-koneyor\/\">Rusya Amman Asfalt Plent Koney\u00f6r<\/a><\/h3>\n                                             <\/div>\n                                    <!-- end recent-project-info -->\n               <\/div>\n               <!-- end recent-project-wrapper -->\n           <\/div>\n                  \n         <\/div>\n         \n       \n\n       \n       \n       \t\t<\/div>\n\t\t\t\t<\/div>\n\t\t\t\t\t\t<\/div>\n\t\t\t\t\t<\/div>\n\t\t<\/div>\n\t\t\t\t\t\t\t\t<\/div>\n\t\t\t\t\t<\/div>\n\t\t<\/section>\n\t\t\t\t<section class=\"elementor-section elementor-top-section elementor-element elementor-element-f97aa75 elementor-section-boxed elementor-section-height-default elementor-section-height-default\" data-id=\"f97aa75\" data-element_type=\"section\" data-settings=\"{&quot;background_background&quot;:&quot;classic&quot;}\">\n\t\t\t\t\t\t<div class=\"elementor-container elementor-column-gap-default\">\n\t\t\t\t\t\t\t<div class=\"elementor-row\">\n\t\t\t\t\t<div class=\"elementor-column elementor-col-100 elementor-top-column elementor-element elementor-element-8aaa87d\" data-id=\"8aaa87d\" data-element_type=\"column\">\n\t\t\t<div class=\"elementor-column-wrap\">\n\t\t\t\t\t\t\t<div class=\"elementor-widget-wrap\">\n\t\t\t\t\t\t\t\t<\/div>\n\t\t\t\t\t<\/div>\n\t\t<\/div>\n\t\t\t\t\t\t\t\t<\/div>\n\t\t\t\t\t<\/div>\n\t\t<\/section>\n\t\t\t\t\t\t\t\t\t<\/div>\n\t\t\t<\/div>\n\t\t\t\t\t<\/div>\n\t\t","protected":false},"excerpt":{"rendered":"<p>aren grup makine Asfalt Plant Ekipmanlar\u0131 Asfalt Plant Ekipmanlar\u0131 Rusya Amman Asfalt Plent Koney\u00f6r<\/p>\n","protected":false},"author":1,"featured_media":0,"parent":0,"menu_order":0,"comment_status":"closed","ping_status":"closed","template":"template\/full-width-template.php","meta":[],"_links":{"self":[{"href":"https:\/\/www.arengrup.com.tr\/makine\/wp-json\/wp\/v2\/pages\/2182"}],"collection":[{"href":"https:\/\/www.arengrup.com.tr\/makine\/wp-json\/wp\/v2\/pages"}],"about":[{"href":"https:\/\/www.arengrup.com.tr\/makine\/wp-json\/wp\/v2\/types\/page"}],"author":[{"embeddable":true,"href":"https:\/\/www.arengrup.com.tr\/makine\/wp-json\/wp\/v2\/users\/1"}],"replies":[{"embeddable":true,"href":"https:\/\/www.arengrup.com.tr\/makine\/wp-json\/wp\/v2\/comments?post=2182"}],"version-history":[{"count":10,"href":"https:\/\/www.arengrup.com.tr\/makine\/wp-json\/wp\/v2\/pages\/2182\/revisions"}],"predecessor-version":[{"id":2794,"href":"https:\/\/www.arengrup.com.tr\/makine\/wp-json\/wp\/v2\/pages\/2182\/revisions\/2794"}],"wp:attachment":[{"href":"https:\/\/www.arengrup.com.tr\/makine\/wp-json\/wp\/v2\/media?parent=2182"}],"curies":[{"name":"wp","href":"https:\/\/api.w.org\/{rel}","templated":true}]}}