{"id":2172,"date":"2022-06-30T20:17:25","date_gmt":"2022-06-30T17:17:25","guid":{"rendered":"https:\/\/www.arengrup.com.tr\/makine\/projelerimiz-copy\/"},"modified":"2022-08-22T17:19:10","modified_gmt":"2022-08-22T14:19:10","slug":"cimento-fabrikasi-konveyor-sistemleri","status":"publish","type":"page","link":"https:\/\/www.arengrup.com.tr\/makine\/cimento-fabrikasi-konveyor-sistemleri\/","title":{"rendered":"\u00c7imento Fabrikas\u0131 Konvey\u00f6r Sistemleri"},"content":{"rendered":"\t\t<div data-elementor-type=\"wp-post\" data-elementor-id=\"2172\" class=\"elementor elementor-2172\">\n\t\t\t\t\t\t<div class=\"elementor-inner\">\n\t\t\t\t<div class=\"elementor-section-wrap\">\n\t\t\t\t\t\t\t\t\t<section class=\"elementor-section elementor-top-section elementor-element elementor-element-5545c1f elementor-section-boxed elementor-section-height-default elementor-section-height-default\" data-id=\"5545c1f\" data-element_type=\"section\">\n\t\t\t\t\t\t<div class=\"elementor-container elementor-column-gap-default\">\n\t\t\t\t\t\t\t<div class=\"elementor-row\">\n\t\t\t\t\t<div class=\"elementor-column elementor-col-100 elementor-top-column elementor-element elementor-element-2fb87c5\" data-id=\"2fb87c5\" data-element_type=\"column\">\n\t\t\t<div class=\"elementor-column-wrap elementor-element-populated\">\n\t\t\t\t\t\t\t<div class=\"elementor-widget-wrap\">\n\t\t\t\t\t\t<div class=\"elementor-element elementor-element-ccc73a3 elementor-widget elementor-widget-induxo-title\" data-id=\"ccc73a3\" data-element_type=\"widget\" data-widget_type=\"induxo-title.default\">\n\t\t\t\t<div class=\"elementor-widget-container\">\n\t\t\t         <div class=\"section-heading-content\">\n                  <small class=\"title-bg-small\">aren grup makine<\/small>\n                    <h2 class=\"section-title title-center\">\n                 \u00c7imento Fabrikas\u0131 <span> Konvey\u00f6r Sistemleri<\/span>            <\/h2>\n         <\/div><!-- Section title -->\t\t\n         \n\n     \n    \t\t<\/div>\n\t\t\t\t<\/div>\n\t\t\t\t<div class=\"elementor-element elementor-element-0a09590 elementor-widget elementor-widget-induxo-project\" data-id=\"0a09590\" data-element_type=\"widget\" data-widget_type=\"induxo-project.default\">\n\t\t\t\t<div class=\"elementor-widget-container\">\n\t\t\t                <div class=\"row\">\n           \n            <div class=\"col-md-4\">\n               <div class=\"recent-project-wrapper\">\n                  <div class=\"recent-project-img\">\n                     <img src=\"https:\/\/www.arengrup.com.tr\/makine\/wp-content\/uploads\/sites\/2\/2022\/08\/SONMEZ-350x250.jpg\" alt=\" S\u00f6nmez \u00c7imento Paketleme Konvey\u00f6rleri\">\n                  <\/div>\n                  <!-- end recent-project-img -->\n                                       <div class=\"recent-project-info\">\n                                                                     <p class=\"project-title project-category\">\u00c7imento Fabrikas\u0131 Konvey\u00f6r Sistemleri <\/p>\n                                                                        <h3 class=\"ts-title\"><a href=\"https:\/\/www.arengrup.com.tr\/makine\/project\/sonmez-cimento-paketleme-konveyorleri\/\">S\u00f6nmez \u00c7imento Paketleme Konvey\u00f6rleri<\/a><\/h3>\n                                             <\/div>\n                                    <!-- end recent-project-info -->\n               <\/div>\n               <!-- end recent-project-wrapper -->\n           <\/div>\n           \n            <div class=\"col-md-4\">\n               <div class=\"recent-project-wrapper\">\n                  <div class=\"recent-project-img\">\n                     <img src=\"https:\/\/www.arengrup.com.tr\/makine\/wp-content\/uploads\/sites\/2\/2022\/06\/Tracim-350x250.jpg\" alt=\" Tra\u00e7im \u00c7imento \u00c7imento Fabrikas\u0131\">\n                  <\/div>\n                  <!-- end recent-project-img -->\n                                       <div class=\"recent-project-info\">\n                                                                     <p class=\"project-title project-category\">\u00c7imento Fabrikas\u0131 Konvey\u00f6r Sistemleri <\/p>\n                                                                        <h3 class=\"ts-title\"><a href=\"https:\/\/www.arengrup.com.tr\/makine\/project\/tracim-cimento-cimento-fabrikasi\/\">Tra\u00e7im \u00c7imento \u00c7imento Fabrikas\u0131<\/a><\/h3>\n                                             <\/div>\n                                    <!-- end recent-project-info -->\n               <\/div>\n               <!-- end recent-project-wrapper -->\n           <\/div>\n           \n            <div class=\"col-md-4\">\n               <div class=\"recent-project-wrapper\">\n                  <div class=\"recent-project-img\">\n                     <img src=\"https:\/\/www.arengrup.com.tr\/makine\/wp-content\/uploads\/sites\/2\/2022\/06\/Samsun-Kavak-Cimento2-350x250.jpg\" alt=\" Samsun Kavak \u00c7imento\">\n                  <\/div>\n                  <!-- end recent-project-img -->\n                                       <div class=\"recent-project-info\">\n                                                                     <p class=\"project-title project-category\">\u00c7imento Fabrikas\u0131 Konvey\u00f6r Sistemleri <\/p>\n                                                                        <h3 class=\"ts-title\"><a href=\"https:\/\/www.arengrup.com.tr\/makine\/project\/samsun-kavak-cimento\/\">Samsun Kavak \u00c7imento<\/a><\/h3>\n                                             <\/div>\n                                    <!-- end recent-project-info -->\n               <\/div>\n               <!-- end recent-project-wrapper -->\n           <\/div>\n           \n            <div class=\"col-md-4\">\n               <div class=\"recent-project-wrapper\">\n                  <div class=\"recent-project-img\">\n                     <img src=\"https:\/\/www.arengrup.com.tr\/makine\/wp-content\/uploads\/sites\/2\/2022\/06\/Baticim-350x250.jpg\" alt=\" Bat\u0131 S\u00f6ke \u00c7imento Fabrikas\u0131 Konvey\u00f6r\">\n                  <\/div>\n                  <!-- end recent-project-img -->\n                                       <div class=\"recent-project-info\">\n                                                                     <p class=\"project-title project-category\">\u00c7imento Fabrikas\u0131 Konvey\u00f6r Sistemleri <\/p>\n                                                                        <h3 class=\"ts-title\"><a href=\"https:\/\/www.arengrup.com.tr\/makine\/project\/bati-soke-cimento-fabrikasi-konveyor\/\">Bat\u0131 S\u00f6ke \u00c7imento Fabrikas\u0131 Konvey\u00f6r<\/a><\/h3>\n                                             <\/div>\n                                    <!-- end recent-project-info -->\n               <\/div>\n               <!-- end recent-project-wrapper -->\n           <\/div>\n                  \n         <\/div>\n         \n       \n\n       \n       \n       \t\t<\/div>\n\t\t\t\t<\/div>\n\t\t\t\t\t\t<\/div>\n\t\t\t\t\t<\/div>\n\t\t<\/div>\n\t\t\t\t\t\t\t\t<\/div>\n\t\t\t\t\t<\/div>\n\t\t<\/section>\n\t\t\t\t<section class=\"elementor-section elementor-top-section elementor-element elementor-element-f97aa75 elementor-section-boxed elementor-section-height-default elementor-section-height-default\" data-id=\"f97aa75\" data-element_type=\"section\" data-settings=\"{&quot;background_background&quot;:&quot;classic&quot;}\">\n\t\t\t\t\t\t<div class=\"elementor-container elementor-column-gap-default\">\n\t\t\t\t\t\t\t<div class=\"elementor-row\">\n\t\t\t\t\t<div class=\"elementor-column elementor-col-100 elementor-top-column elementor-element elementor-element-8aaa87d\" data-id=\"8aaa87d\" data-element_type=\"column\">\n\t\t\t<div class=\"elementor-column-wrap\">\n\t\t\t\t\t\t\t<div class=\"elementor-widget-wrap\">\n\t\t\t\t\t\t\t\t<\/div>\n\t\t\t\t\t<\/div>\n\t\t<\/div>\n\t\t\t\t\t\t\t\t<\/div>\n\t\t\t\t\t<\/div>\n\t\t<\/section>\n\t\t\t\t\t\t\t\t\t<\/div>\n\t\t\t<\/div>\n\t\t\t\t\t<\/div>\n\t\t","protected":false},"excerpt":{"rendered":"<p>aren grup makine \u00c7imento Fabrikas\u0131 Konvey\u00f6r Sistemleri \u00c7imento Fabrikas\u0131 Konvey\u00f6r Sistemleri Tra\u00e7im \u00c7imento \u00c7imento Fabrikas\u0131 \u00c7imento Fabrikas\u0131 Konvey\u00f6r Sistemleri S\u00f6nmez \u00c7imento Adana \u00c7imento Fabrikas\u0131 Konvey\u00f6r Sistemleri Samsun Kavak \u00c7imento \u00c7imento Fabrikas\u0131 Konvey\u00f6r Sistemleri Bat\u0131 S\u00f6ke \u00c7imento Fabrikas\u0131 Konvey\u00f6r<\/p>\n","protected":false},"author":1,"featured_media":0,"parent":0,"menu_order":0,"comment_status":"closed","ping_status":"closed","template":"template\/full-width-template.php","meta":[],"_links":{"self":[{"href":"https:\/\/www.arengrup.com.tr\/makine\/wp-json\/wp\/v2\/pages\/2172"}],"collection":[{"href":"https:\/\/www.arengrup.com.tr\/makine\/wp-json\/wp\/v2\/pages"}],"about":[{"href":"https:\/\/www.arengrup.com.tr\/makine\/wp-json\/wp\/v2\/types\/page"}],"author":[{"embeddable":true,"href":"https:\/\/www.arengrup.com.tr\/makine\/wp-json\/wp\/v2\/users\/1"}],"replies":[{"embeddable":true,"href":"https:\/\/www.arengrup.com.tr\/makine\/wp-json\/wp\/v2\/comments?post=2172"}],"version-history":[{"count":10,"href":"https:\/\/www.arengrup.com.tr\/makine\/wp-json\/wp\/v2\/pages\/2172\/revisions"}],"predecessor-version":[{"id":2788,"href":"https:\/\/www.arengrup.com.tr\/makine\/wp-json\/wp\/v2\/pages\/2172\/revisions\/2788"}],"wp:attachment":[{"href":"https:\/\/www.arengrup.com.tr\/makine\/wp-json\/wp\/v2\/media?parent=2172"}],"curies":[{"name":"wp","href":"https:\/\/api.w.org\/{rel}","templated":true}]}}