{"id":821,"date":"2019-04-23T05:22:19","date_gmt":"2019-04-23T05:22:19","guid":{"rendered":"https:\/\/www.arengrup.com.tr\/endustriyel\/?page_id=821"},"modified":"2022-08-23T14:15:47","modified_gmt":"2022-08-23T11:15:47","slug":"faaliyet-alanlarimiz","status":"publish","type":"page","link":"https:\/\/www.arengrup.com.tr\/endustriyel-tesisler\/faaliyet-alanlarimiz\/","title":{"rendered":"Faaliyet Alanlar\u0131m\u0131z"},"content":{"rendered":"\t\t<div data-elementor-type=\"wp-post\" data-elementor-id=\"821\" class=\"elementor elementor-821\">\n\t\t\t\t\t\t<div class=\"elementor-inner\">\n\t\t\t\t<div class=\"elementor-section-wrap\">\n\t\t\t\t\t\t\t\t\t<section class=\"elementor-section elementor-top-section elementor-element elementor-element-019e3c6 elementor-section-boxed elementor-section-height-default elementor-section-height-default\" data-id=\"019e3c6\" data-element_type=\"section\">\n\t\t\t\t\t\t<div class=\"elementor-container elementor-column-gap-default\">\n\t\t\t\t\t\t\t<div class=\"elementor-row\">\n\t\t\t\t\t<div class=\"elementor-column elementor-col-100 elementor-top-column elementor-element elementor-element-eb0f1ae\" data-id=\"eb0f1ae\" data-element_type=\"column\">\n\t\t\t<div class=\"elementor-column-wrap elementor-element-populated\">\n\t\t\t\t\t\t\t<div class=\"elementor-widget-wrap\">\n\t\t\t\t\t\t<div class=\"elementor-element elementor-element-9eff14e elementor-widget elementor-widget-induxo-title\" data-id=\"9eff14e\" data-element_type=\"widget\" data-widget_type=\"induxo-title.default\">\n\t\t\t\t<div class=\"elementor-widget-container\">\n\t\t\t         <div class=\"section-heading-content\">\n                  <small class=\"title-bg-small\">aren end\u00fcstriyel Tesis<\/small>\n                    <h2 class=\"section-title title-center\">\n                 Faaliyet <span>Alanlar\u0131m\u0131z <\/span>            <\/h2>\n         <\/div><!-- Section title -->\t\t\n         \n\n     \n    \t\t<\/div>\n\t\t\t\t<\/div>\n\t\t\t\t<section class=\"elementor-section elementor-inner-section elementor-element elementor-element-d10d814 elementor-section-boxed elementor-section-height-default elementor-section-height-default\" data-id=\"d10d814\" data-element_type=\"section\">\n\t\t\t\t\t\t<div class=\"elementor-container elementor-column-gap-default\">\n\t\t\t\t\t\t\t<div class=\"elementor-row\">\n\t\t\t\t\t<div class=\"elementor-column elementor-col-33 elementor-inner-column elementor-element elementor-element-ae066bc\" data-id=\"ae066bc\" data-element_type=\"column\">\n\t\t\t<div class=\"elementor-column-wrap elementor-element-populated\">\n\t\t\t\t\t\t\t<div class=\"elementor-widget-wrap\">\n\t\t\t\t\t\t<div class=\"elementor-element elementor-element-c1013d7 elementor-widget elementor-widget-induxo-service\" data-id=\"c1013d7\" data-element_type=\"widget\" data-widget_type=\"induxo-service.default\">\n\t\t\t\t<div class=\"elementor-widget-container\">\n\t\t\t                                    <div class=\"ts-service-area\">\n               <div class=\"ts-service-wrapper\">\n                  <div class=\"ts-service-img mb-25\">\n                           \n                        <a class=\"ts-service-image\" href=\"https:\/\/www.arengrup.com.tr\/endustriyel-tesisler\/service\/dokumhane-tesisleri\/\">\n                           <img class=\"img-fluid\" src=\"https:\/\/www.arengrup.com.tr\/endustriyel-tesisler\/wp-content\/uploads\/sites\/6\/2019\/04\/dokumhane-one-cian.jpg\" alt=\"D\u00f6k\u00fcmhane Tesisleri\">\n                        <\/a>\n                        \n                  <\/div>\n                \n                     \n                                       <div class=\"ts-service-box-img pull-left\">\n                        <i class=\"icon icon-about_us_icon3\"> <\/i>\n                     <\/div>\n                                    \n                  <div class=\"service-box-info \">\n                     <h3 class=\"ts-title\"><a href=\"https:\/\/www.arengrup.com.tr\/endustriyel-tesisler\/service\/dokumhane-tesisleri\/\">D\u00f6k\u00fcmhane Tesisleri<\/a><\/h3>\n                     <p><\/p>\n                     \n                  <\/div>\n               <\/div>\n            <\/div>   \n                      \t\t<\/div>\n\t\t\t\t<\/div>\n\t\t\t\t\t\t<\/div>\n\t\t\t\t\t<\/div>\n\t\t<\/div>\n\t\t\t\t<div class=\"elementor-column elementor-col-33 elementor-inner-column elementor-element elementor-element-4489345\" data-id=\"4489345\" data-element_type=\"column\">\n\t\t\t<div class=\"elementor-column-wrap elementor-element-populated\">\n\t\t\t\t\t\t\t<div class=\"elementor-widget-wrap\">\n\t\t\t\t\t\t<div class=\"elementor-element elementor-element-7f99eff elementor-widget elementor-widget-induxo-service\" data-id=\"7f99eff\" data-element_type=\"widget\" data-widget_type=\"induxo-service.default\">\n\t\t\t\t<div class=\"elementor-widget-container\">\n\t\t\t                                    <div class=\"ts-service-area\">\n               <div class=\"ts-service-wrapper\">\n                  <div class=\"ts-service-img mb-25\">\n                           \n                        <a class=\"ts-service-image\" href=\"https:\/\/www.arengrup.com.tr\/endustriyel-tesisler\/service\/cimento-fabrikalari\/\">\n                           <img class=\"img-fluid\" src=\"https:\/\/www.arengrup.com.tr\/endustriyel-tesisler\/wp-content\/uploads\/sites\/6\/2022\/08\/cimentoon.jpg\" alt=\"\u00c7imento Fabrikalar\u0131\">\n                        <\/a>\n                        \n                  <\/div>\n                \n                     \n                                       <div class=\"ts-service-box-img pull-left\">\n                        <i class=\"icon icon-about_us_icon3\"> <\/i>\n                     <\/div>\n                                    \n                  <div class=\"service-box-info \">\n                     <h3 class=\"ts-title\"><a href=\"https:\/\/www.arengrup.com.tr\/endustriyel-tesisler\/service\/cimento-fabrikalari\/\">\u00c7imento Fabrikalar\u0131<\/a><\/h3>\n                     <p><\/p>\n                     \n                  <\/div>\n               <\/div>\n            <\/div>   \n                      \t\t<\/div>\n\t\t\t\t<\/div>\n\t\t\t\t\t\t<\/div>\n\t\t\t\t\t<\/div>\n\t\t<\/div>\n\t\t\t\t<div class=\"elementor-column elementor-col-33 elementor-inner-column elementor-element elementor-element-e1c107b\" data-id=\"e1c107b\" data-element_type=\"column\">\n\t\t\t<div class=\"elementor-column-wrap elementor-element-populated\">\n\t\t\t\t\t\t\t<div class=\"elementor-widget-wrap\">\n\t\t\t\t\t\t<div class=\"elementor-element elementor-element-3e2d774 elementor-widget elementor-widget-induxo-service\" data-id=\"3e2d774\" data-element_type=\"widget\" data-widget_type=\"induxo-service.default\">\n\t\t\t\t<div class=\"elementor-widget-container\">\n\t\t\t                                    <div class=\"ts-service-area\">\n               <div class=\"ts-service-wrapper\">\n                  <div class=\"ts-service-img mb-25\">\n                           \n                        <a class=\"ts-service-image\" href=\"https:\/\/www.arengrup.com.tr\/endustriyel-tesisler\/service\/maden-ocaklari\/\">\n                           <img class=\"img-fluid\" src=\"https:\/\/www.arengrup.com.tr\/endustriyel-tesisler\/wp-content\/uploads\/sites\/6\/2022\/08\/madenone.jpg\" alt=\"Maden Ocaklar\u0131\">\n                        <\/a>\n                        \n                  <\/div>\n                \n                     \n                                       <div class=\"ts-service-box-img pull-left\">\n                        <i class=\"icon icon-about_us_icon3\"> <\/i>\n                     <\/div>\n                                    \n                  <div class=\"service-box-info \">\n                     <h3 class=\"ts-title\"><a href=\"https:\/\/www.arengrup.com.tr\/endustriyel-tesisler\/service\/maden-ocaklari\/\">Maden Ocaklar\u0131<\/a><\/h3>\n                     <p><\/p>\n                     \n                  <\/div>\n               <\/div>\n            <\/div>   \n                      \t\t<\/div>\n\t\t\t\t<\/div>\n\t\t\t\t\t\t<\/div>\n\t\t\t\t\t<\/div>\n\t\t<\/div>\n\t\t\t\t\t\t\t\t<\/div>\n\t\t\t\t\t<\/div>\n\t\t<\/section>\n\t\t\t\t<section class=\"elementor-section elementor-inner-section elementor-element elementor-element-7e33234 elementor-section-boxed elementor-section-height-default elementor-section-height-default\" data-id=\"7e33234\" data-element_type=\"section\">\n\t\t\t\t\t\t<div class=\"elementor-container elementor-column-gap-default\">\n\t\t\t\t\t\t\t<div class=\"elementor-row\">\n\t\t\t\t\t<div class=\"elementor-column elementor-col-33 elementor-inner-column elementor-element elementor-element-2caa38d\" data-id=\"2caa38d\" data-element_type=\"column\">\n\t\t\t<div class=\"elementor-column-wrap elementor-element-populated\">\n\t\t\t\t\t\t\t<div class=\"elementor-widget-wrap\">\n\t\t\t\t\t\t<div class=\"elementor-element elementor-element-5fe1b21 elementor-widget elementor-widget-induxo-service\" data-id=\"5fe1b21\" data-element_type=\"widget\" data-widget_type=\"induxo-service.default\">\n\t\t\t\t<div class=\"elementor-widget-container\">\n\t\t\t                                    <div class=\"ts-service-area\">\n               <div class=\"ts-service-wrapper\">\n                  <div class=\"ts-service-img mb-25\">\n                           \n                        <a class=\"ts-service-image\" href=\"https:\/\/www.arengrup.com.tr\/endustriyel-tesisler\/service\/alci-fabrikalari\/\">\n                           <img class=\"img-fluid\" src=\"https:\/\/www.arengrup.com.tr\/endustriyel-tesisler\/wp-content\/uploads\/sites\/6\/2022\/08\/alcione.jpg\" alt=\"Al\u00e7\u0131 Fabrikalar\u0131\">\n                        <\/a>\n                        \n                  <\/div>\n                \n                     \n                                       <div class=\"ts-service-box-img pull-left\">\n                        <i class=\"icon icon-about_us_icon3\"> <\/i>\n                     <\/div>\n                                    \n                  <div class=\"service-box-info \">\n                     <h3 class=\"ts-title\"><a href=\"https:\/\/www.arengrup.com.tr\/endustriyel-tesisler\/service\/alci-fabrikalari\/\">Al\u00e7\u0131 Fabrikalar\u0131<\/a><\/h3>\n                     <p><\/p>\n                     \n                  <\/div>\n               <\/div>\n            <\/div>   \n                      \t\t<\/div>\n\t\t\t\t<\/div>\n\t\t\t\t\t\t<\/div>\n\t\t\t\t\t<\/div>\n\t\t<\/div>\n\t\t\t\t<div class=\"elementor-column elementor-col-33 elementor-inner-column elementor-element elementor-element-dbbed55\" data-id=\"dbbed55\" data-element_type=\"column\">\n\t\t\t<div class=\"elementor-column-wrap elementor-element-populated\">\n\t\t\t\t\t\t\t<div class=\"elementor-widget-wrap\">\n\t\t\t\t\t\t<div class=\"elementor-element elementor-element-474b8d8 elementor-widget elementor-widget-induxo-service\" data-id=\"474b8d8\" data-element_type=\"widget\" data-widget_type=\"induxo-service.default\">\n\t\t\t\t<div class=\"elementor-widget-container\">\n\t\t\t                                    <div class=\"ts-service-area\">\n               <div class=\"ts-service-wrapper\">\n                  <div class=\"ts-service-img mb-25\">\n                           \n                        <a class=\"ts-service-image\" href=\"https:\/\/www.arengrup.com.tr\/endustriyel-tesisler\/service\/geri-donusum-tesisleri\/\">\n                           <img class=\"img-fluid\" src=\"https:\/\/www.arengrup.com.tr\/endustriyel-tesisler\/wp-content\/uploads\/sites\/6\/2022\/08\/gerion.jpg\" alt=\"Geri D\u00f6n\u00fc\u015f\u00fcm Tesisleri\">\n                        <\/a>\n                        \n                  <\/div>\n                \n                     \n                                       <div class=\"ts-service-box-img pull-left\">\n                        <i class=\"icon icon-about_us_icon3\"> <\/i>\n                     <\/div>\n                                    \n                  <div class=\"service-box-info \">\n                     <h3 class=\"ts-title\"><a href=\"https:\/\/www.arengrup.com.tr\/endustriyel-tesisler\/service\/geri-donusum-tesisleri\/\">Geri D\u00f6n\u00fc\u015f\u00fcm Tesisleri<\/a><\/h3>\n                     <p><\/p>\n                     \n                  <\/div>\n               <\/div>\n            <\/div>   \n                      \t\t<\/div>\n\t\t\t\t<\/div>\n\t\t\t\t\t\t<\/div>\n\t\t\t\t\t<\/div>\n\t\t<\/div>\n\t\t\t\t<div class=\"elementor-column elementor-col-33 elementor-inner-column elementor-element elementor-element-f39006d\" data-id=\"f39006d\" data-element_type=\"column\">\n\t\t\t<div class=\"elementor-column-wrap\">\n\t\t\t\t\t\t\t<div class=\"elementor-widget-wrap\">\n\t\t\t\t\t\t\t\t<\/div>\n\t\t\t\t\t<\/div>\n\t\t<\/div>\n\t\t\t\t\t\t\t\t<\/div>\n\t\t\t\t\t<\/div>\n\t\t<\/section>\n\t\t\t\t\t\t<\/div>\n\t\t\t\t\t<\/div>\n\t\t<\/div>\n\t\t\t\t\t\t\t\t<\/div>\n\t\t\t\t\t<\/div>\n\t\t<\/section>\n\t\t\t\t<section class=\"elementor-section elementor-top-section elementor-element elementor-element-4b5f464 elementor-section-boxed elementor-section-height-default elementor-section-height-default\" data-id=\"4b5f464\" data-element_type=\"section\" data-settings=\"{&quot;background_background&quot;:&quot;classic&quot;}\">\n\t\t\t\t\t\t<div class=\"elementor-container elementor-column-gap-default\">\n\t\t\t\t\t\t\t<div class=\"elementor-row\">\n\t\t\t\t\t<div class=\"elementor-column elementor-col-50 elementor-top-column elementor-element elementor-element-765b6c0\" data-id=\"765b6c0\" data-element_type=\"column\">\n\t\t\t<div class=\"elementor-column-wrap elementor-element-populated\">\n\t\t\t\t\t\t\t<div class=\"elementor-widget-wrap\">\n\t\t\t\t\t\t<div class=\"elementor-element elementor-element-9040515 elementor-widget elementor-widget-induxo-title\" data-id=\"9040515\" data-element_type=\"widget\" data-widget_type=\"induxo-title.default\">\n\t\t\t\t<div class=\"elementor-widget-container\">\n\t\t\t         <div class=\"section-heading-content\">\n                  <small class=\"title-bg-small\"><\/small>\n                    <h2 class=\"section-title title-left\">\n                 <span>Proje<\/span> ve \u00c7\u00f6z\u00fcmlerimiz i\u00e7in            <\/h2>\n         <\/div><!-- Section title -->\t\t\n         \n\n     \n    \t\t<\/div>\n\t\t\t\t<\/div>\n\t\t\t\t\t\t<\/div>\n\t\t\t\t\t<\/div>\n\t\t<\/div>\n\t\t\t\t<div class=\"elementor-column elementor-col-50 elementor-top-column elementor-element elementor-element-70e82f2\" data-id=\"70e82f2\" data-element_type=\"column\">\n\t\t\t<div class=\"elementor-column-wrap elementor-element-populated\">\n\t\t\t\t\t\t\t<div class=\"elementor-widget-wrap\">\n\t\t\t\t\t\t<div class=\"elementor-element elementor-element-8a19c0d elementor-align-right elementor-mobile-align-center elementor-widget elementor-widget-button\" data-id=\"8a19c0d\" data-element_type=\"widget\" data-widget_type=\"button.default\">\n\t\t\t\t<div class=\"elementor-widget-container\">\n\t\t\t\t\t<div class=\"elementor-button-wrapper\">\n\t\t\t<a href=\"http:\/\/www.arengrup.com.tr\/endustriyel-tesisler\/iletisim\/\" class=\"elementor-button-link elementor-button elementor-size-md\" role=\"button\">\n\t\t\t\t\t\t<span class=\"elementor-button-content-wrapper\">\n\t\t\t\t\t\t<span class=\"elementor-button-text\">Bizimle \u0130leti\u015fime Ge\u00e7in<\/span>\n\t\t<\/span>\n\t\t\t\t\t<\/a>\n\t\t<\/div>\n\t\t\t\t<\/div>\n\t\t\t\t<\/div>\n\t\t\t\t\t\t<\/div>\n\t\t\t\t\t<\/div>\n\t\t<\/div>\n\t\t\t\t\t\t\t\t<\/div>\n\t\t\t\t\t<\/div>\n\t\t<\/section>\n\t\t\t\t<section class=\"elementor-section elementor-top-section elementor-element elementor-element-13848e8 elementor-section-boxed elementor-section-height-default elementor-section-height-default\" data-id=\"13848e8\" data-element_type=\"section\" data-settings=\"{&quot;background_background&quot;:&quot;classic&quot;}\">\n\t\t\t\t\t\t<div class=\"elementor-container elementor-column-gap-default\">\n\t\t\t\t\t\t\t<div class=\"elementor-row\">\n\t\t\t\t\t<div class=\"elementor-column elementor-col-100 elementor-top-column elementor-element elementor-element-64fa583\" data-id=\"64fa583\" data-element_type=\"column\">\n\t\t\t<div class=\"elementor-column-wrap\">\n\t\t\t\t\t\t\t<div class=\"elementor-widget-wrap\">\n\t\t\t\t\t\t\t\t<\/div>\n\t\t\t\t\t<\/div>\n\t\t<\/div>\n\t\t\t\t\t\t\t\t<\/div>\n\t\t\t\t\t<\/div>\n\t\t<\/section>\n\t\t\t\t\t\t\t\t\t<\/div>\n\t\t\t<\/div>\n\t\t\t\t\t<\/div>\n\t\t","protected":false},"excerpt":{"rendered":"<p>aren end\u00fcstriyel Tesis Faaliyet Alanlar\u0131m\u0131z D\u00f6k\u00fcmhane Tesisleri \u00c7imento Fabrikalar\u0131 Maden Ocaklar\u0131 Al\u00e7\u0131 Fabrikalar\u0131 Geri D\u00f6n\u00fc\u015f\u00fcm Tesisleri Proje ve \u00c7\u00f6z\u00fcmlerimiz i\u00e7in Bizimle \u0130leti\u015fime Ge\u00e7in<\/p>\n","protected":false},"author":1,"featured_media":0,"parent":0,"menu_order":0,"comment_status":"closed","ping_status":"closed","template":"template\/full-width-template.php","meta":[],"_links":{"self":[{"href":"https:\/\/www.arengrup.com.tr\/endustriyel-tesisler\/wp-json\/wp\/v2\/pages\/821"}],"collection":[{"href":"https:\/\/www.arengrup.com.tr\/endustriyel-tesisler\/wp-json\/wp\/v2\/pages"}],"about":[{"href":"https:\/\/www.arengrup.com.tr\/endustriyel-tesisler\/wp-json\/wp\/v2\/types\/page"}],"author":[{"embeddable":true,"href":"https:\/\/www.arengrup.com.tr\/endustriyel-tesisler\/wp-json\/wp\/v2\/users\/1"}],"replies":[{"embeddable":true,"href":"https:\/\/www.arengrup.com.tr\/endustriyel-tesisler\/wp-json\/wp\/v2\/comments?post=821"}],"version-history":[{"count":19,"href":"https:\/\/www.arengrup.com.tr\/endustriyel-tesisler\/wp-json\/wp\/v2\/pages\/821\/revisions"}],"predecessor-version":[{"id":1790,"href":"https:\/\/www.arengrup.com.tr\/endustriyel-tesisler\/wp-json\/wp\/v2\/pages\/821\/revisions\/1790"}],"wp:attachment":[{"href":"https:\/\/www.arengrup.com.tr\/endustriyel-tesisler\/wp-json\/wp\/v2\/media?parent=821"}],"curies":[{"name":"wp","href":"https:\/\/api.w.org\/{rel}","templated":true}]}}