{"id":1015,"date":"2019-04-23T13:09:16","date_gmt":"2019-04-23T13:09:16","guid":{"rendered":"https:\/\/www.arengrup.com.tr\/endustriyel\/?page_id=1015"},"modified":"2022-08-26T16:11:15","modified_gmt":"2022-08-26T13:11:15","slug":"projelerimiz","status":"publish","type":"page","link":"https:\/\/www.arengrup.com.tr\/endustriyel-tesisler\/projelerimiz\/","title":{"rendered":"Projelerimiz"},"content":{"rendered":"\t\t<div data-elementor-type=\"wp-post\" data-elementor-id=\"1015\" class=\"elementor elementor-1015\">\n\t\t\t\t\t\t<div class=\"elementor-inner\">\n\t\t\t\t<div class=\"elementor-section-wrap\">\n\t\t\t\t\t\t\t\t\t<section class=\"elementor-section elementor-top-section elementor-element elementor-element-5545c1f elementor-section-boxed elementor-section-height-default elementor-section-height-default\" data-id=\"5545c1f\" data-element_type=\"section\">\n\t\t\t\t\t\t<div class=\"elementor-container elementor-column-gap-default\">\n\t\t\t\t\t\t\t<div class=\"elementor-row\">\n\t\t\t\t\t<div class=\"elementor-column elementor-col-100 elementor-top-column elementor-element elementor-element-2fb87c5\" data-id=\"2fb87c5\" data-element_type=\"column\">\n\t\t\t<div class=\"elementor-column-wrap elementor-element-populated\">\n\t\t\t\t\t\t\t<div class=\"elementor-widget-wrap\">\n\t\t\t\t\t\t<div class=\"elementor-element elementor-element-ccc73a3 elementor-widget elementor-widget-induxo-title\" data-id=\"ccc73a3\" data-element_type=\"widget\" data-widget_type=\"induxo-title.default\">\n\t\t\t\t<div class=\"elementor-widget-container\">\n\t\t\t         <div class=\"section-heading-content\">\n                  <small class=\"title-bg-small\">aren grup end\u00fcstriyel tesis<\/small>\n                    <h2 class=\"section-title title-center\">\n                 <span>Projelerimiz<\/span>            <\/h2>\n         <\/div><!-- Section title -->\t\t\n         \n\n     \n    \t\t<\/div>\n\t\t\t\t<\/div>\n\t\t\t\t<div class=\"elementor-element elementor-element-0a09590 elementor-widget elementor-widget-induxo-project\" data-id=\"0a09590\" data-element_type=\"widget\" data-widget_type=\"induxo-project.default\">\n\t\t\t\t<div class=\"elementor-widget-container\">\n\t\t\t                <div class=\"row\">\n           \n            <div class=\"col-md-4\">\n               <div class=\"recent-project-wrapper\">\n                  <div class=\"recent-project-img\">\n                     <img src=\"https:\/\/www.arengrup.com.tr\/endustriyel-tesisler\/wp-content\/uploads\/sites\/6\/2022\/08\/DEMISAS-350x250.jpg\" alt=\" DEM\u0130SA\u015e D\u00f6k\u00fcmhane Hatt\u0131\">\n                  <\/div>\n                  <!-- end recent-project-img -->\n                                       <div class=\"recent-project-info\">\n                                                                     <p class=\"project-title project-category\"><\/p>\n                                                                        <h3 class=\"ts-title\"><a href=\"https:\/\/www.arengrup.com.tr\/endustriyel-tesisler\/project\/demisas-dokumhane-hatti\/\">DEM\u0130SA\u015e D\u00f6k\u00fcmhane Hatt\u0131<\/a><\/h3>\n                                             <\/div>\n                                    <!-- end recent-project-info -->\n               <\/div>\n               <!-- end recent-project-wrapper -->\n           <\/div>\n           \n            <div class=\"col-md-4\">\n               <div class=\"recent-project-wrapper\">\n                  <div class=\"recent-project-img\">\n                     <img src=\"https:\/\/www.arengrup.com.tr\/endustriyel-tesisler\/wp-content\/uploads\/sites\/6\/2022\/08\/CIMSATAS-350x250.jpg\" alt=\" \u00c7\u0130MSATA\u015e D\u00f6k\u00fcmhane Hatt\u0131\">\n                  <\/div>\n                  <!-- end recent-project-img -->\n                                       <div class=\"recent-project-info\">\n                                                                     <p class=\"project-title project-category\"><\/p>\n                                                                        <h3 class=\"ts-title\"><a href=\"https:\/\/www.arengrup.com.tr\/endustriyel-tesisler\/project\/cimsatas-dokumhane-hatti\/\">\u00c7\u0130MSATA\u015e D\u00f6k\u00fcmhane Hatt\u0131<\/a><\/h3>\n                                             <\/div>\n                                    <!-- end recent-project-info -->\n               <\/div>\n               <!-- end recent-project-wrapper -->\n           <\/div>\n           \n            <div class=\"col-md-4\">\n               <div class=\"recent-project-wrapper\">\n                  <div class=\"recent-project-img\">\n                     <img src=\"https:\/\/www.arengrup.com.tr\/endustriyel-tesisler\/wp-content\/uploads\/sites\/6\/2022\/08\/AYD-350x250.jpg\" alt=\" AYD OTOMOT\u0130V D\u00f6k\u00fcmhane Hatt\u0131\">\n                  <\/div>\n                  <!-- end recent-project-img -->\n                                       <div class=\"recent-project-info\">\n                                                                     <p class=\"project-title project-category\"><\/p>\n                                                                        <h3 class=\"ts-title\"><a href=\"https:\/\/www.arengrup.com.tr\/endustriyel-tesisler\/project\/disk-balata-dokum-hatti\/\">AYD OTOMOT\u0130V D\u00f6k\u00fcmhane Hatt\u0131<\/a><\/h3>\n                                             <\/div>\n                                    <!-- end recent-project-info -->\n               <\/div>\n               <!-- end recent-project-wrapper -->\n           <\/div>\n           \n            <div class=\"col-md-4\">\n               <div class=\"recent-project-wrapper\">\n                  <div class=\"recent-project-img\">\n                     <img src=\"https:\/\/www.arengrup.com.tr\/endustriyel-tesisler\/wp-content\/uploads\/sites\/6\/2022\/08\/Agrega-350x250.jpg\" alt=\" UMMAN Agrega Tesisi 3000 T\/H\">\n                  <\/div>\n                  <!-- end recent-project-img -->\n                                       <div class=\"recent-project-info\">\n                                                                     <p class=\"project-title project-category\"><\/p>\n                                                                        <h3 class=\"ts-title\"><a href=\"https:\/\/www.arengrup.com.tr\/endustriyel-tesisler\/project\/agrega-tesisi\/\">UMMAN Agrega Tesisi 3000 T\/H<\/a><\/h3>\n                                             <\/div>\n                                    <!-- end recent-project-info -->\n               <\/div>\n               <!-- end recent-project-wrapper -->\n           <\/div>\n           \n            <div class=\"col-md-4\">\n               <div class=\"recent-project-wrapper\">\n                  <div class=\"recent-project-img\">\n                     <img src=\"https:\/\/www.arengrup.com.tr\/endustriyel-tesisler\/wp-content\/uploads\/sites\/6\/2019\/04\/polyak_1-350x250.jpg\" alt=\" POLYAK EYNEZ T\u00fcvenan K\u00f6m\u00fcr Stoklama Sahas\u0131\">\n                  <\/div>\n                  <!-- end recent-project-img -->\n                                       <div class=\"recent-project-info\">\n                                                                     <p class=\"project-title project-category\"><\/p>\n                                                                        <h3 class=\"ts-title\"><a href=\"https:\/\/www.arengrup.com.tr\/endustriyel-tesisler\/project\/polyak-eynez-tuvenan-komur-stoklama-sahasi\/\">POLYAK EYNEZ T\u00fcvenan K\u00f6m\u00fcr Stoklama Sahas\u0131<\/a><\/h3>\n                                             <\/div>\n                                    <!-- end recent-project-info -->\n               <\/div>\n               <!-- end recent-project-wrapper -->\n           <\/div>\n                  \n         <\/div>\n         \n       \n\n       \n       \n       \t\t<\/div>\n\t\t\t\t<\/div>\n\t\t\t\t\t\t<\/div>\n\t\t\t\t\t<\/div>\n\t\t<\/div>\n\t\t\t\t\t\t\t\t<\/div>\n\t\t\t\t\t<\/div>\n\t\t<\/section>\n\t\t\t\t<section class=\"elementor-section elementor-top-section elementor-element elementor-element-f97aa75 elementor-section-boxed elementor-section-height-default elementor-section-height-default\" data-id=\"f97aa75\" data-element_type=\"section\" data-settings=\"{&quot;background_background&quot;:&quot;classic&quot;}\">\n\t\t\t\t\t\t<div class=\"elementor-container elementor-column-gap-default\">\n\t\t\t\t\t\t\t<div class=\"elementor-row\">\n\t\t\t\t\t<div class=\"elementor-column elementor-col-100 elementor-top-column elementor-element elementor-element-8aaa87d\" data-id=\"8aaa87d\" data-element_type=\"column\">\n\t\t\t<div class=\"elementor-column-wrap\">\n\t\t\t\t\t\t\t<div class=\"elementor-widget-wrap\">\n\t\t\t\t\t\t\t\t<\/div>\n\t\t\t\t\t<\/div>\n\t\t<\/div>\n\t\t\t\t\t\t\t\t<\/div>\n\t\t\t\t\t<\/div>\n\t\t<\/section>\n\t\t\t\t\t\t\t\t\t<\/div>\n\t\t\t<\/div>\n\t\t\t\t\t<\/div>\n\t\t","protected":false},"excerpt":{"rendered":"<p>aren grup end\u00fcstriyel tesis Projelerimiz DEM\u0130SA\u015e D\u00f6k\u00fcmhane Hatt\u0131 \u00c7\u0130MSATA\u015e D\u00f6k\u00fcmhane Hatt\u0131 AYD Otomotiv Disk-Balata D\u00f6k\u00fcm Hatt\u0131 Agrega Tesisi K\u00f6m\u00fcr Stoklama Tesisi Konvey\u00f6r Hatlar\u0131<\/p>\n","protected":false},"author":1,"featured_media":0,"parent":0,"menu_order":0,"comment_status":"closed","ping_status":"closed","template":"template\/full-width-template.php","meta":[],"_links":{"self":[{"href":"https:\/\/www.arengrup.com.tr\/endustriyel-tesisler\/wp-json\/wp\/v2\/pages\/1015"}],"collection":[{"href":"https:\/\/www.arengrup.com.tr\/endustriyel-tesisler\/wp-json\/wp\/v2\/pages"}],"about":[{"href":"https:\/\/www.arengrup.com.tr\/endustriyel-tesisler\/wp-json\/wp\/v2\/types\/page"}],"author":[{"embeddable":true,"href":"https:\/\/www.arengrup.com.tr\/endustriyel-tesisler\/wp-json\/wp\/v2\/users\/1"}],"replies":[{"embeddable":true,"href":"https:\/\/www.arengrup.com.tr\/endustriyel-tesisler\/wp-json\/wp\/v2\/comments?post=1015"}],"version-history":[{"count":7,"href":"https:\/\/www.arengrup.com.tr\/endustriyel-tesisler\/wp-json\/wp\/v2\/pages\/1015\/revisions"}],"predecessor-version":[{"id":1974,"href":"https:\/\/www.arengrup.com.tr\/endustriyel-tesisler\/wp-json\/wp\/v2\/pages\/1015\/revisions\/1974"}],"wp:attachment":[{"href":"https:\/\/www.arengrup.com.tr\/endustriyel-tesisler\/wp-json\/wp\/v2\/media?parent=1015"}],"curies":[{"name":"wp","href":"https:\/\/api.w.org\/{rel}","templated":true}]}}